{"id":5310,"date":"2024-04-02T16:45:09","date_gmt":"2024-04-02T14:45:09","guid":{"rendered":"https:\/\/halawedd.com\/?page_id=5310"},"modified":"2024-04-02T17:02:15","modified_gmt":"2024-04-02T15:02:15","slug":"about","status":"publish","type":"page","link":"https:\/\/halawedd.com\/de\/about\/","title":{"rendered":"Um"},"content":{"rendered":"<div data-elementor-type=\"wp-page\" data-elementor-id=\"5310\" class=\"elementor elementor-5310\" data-elementor-post-type=\"page\">\n\t\t\t\t\t\t<section class=\"wd-negative-gap elementor-section elementor-top-section elementor-element elementor-element-af78f27 elementor-section-boxed elementor-section-height-default elementor-section-height-default\" data-id=\"af78f27\" data-element_type=\"section\" data-e-type=\"section\">\n\t\t\t\t\t\t<div class=\"elementor-container elementor-column-gap-default\">\n\t\t\t\t\t<div class=\"elementor-column elementor-col-100 elementor-top-column elementor-element elementor-element-e616065\" data-id=\"e616065\" data-element_type=\"column\" data-e-type=\"column\">\n\t\t\t<div class=\"elementor-widget-wrap elementor-element-populated\">\n\t\t\t\t\t\t<div class=\"elementor-element elementor-element-ea94395 elementor-invisible elementor-widget elementor-widget-heading\" data-id=\"ea94395\" data-element_type=\"widget\" data-e-type=\"widget\" data-settings=\"{&quot;_animation&quot;:&quot;slideInUp&quot;}\" data-widget_type=\"heading.default\">\n\t\t\t\t<div class=\"elementor-widget-container\">\n\t\t\t\t\t<h1 class=\"elementor-heading-title elementor-size-default\">\u00dcber mich<\/h1>\t\t\t\t<\/div>\n\t\t\t\t<\/div>\n\t\t\t\t\t<\/div>\n\t\t<\/div>\n\t\t\t\t\t<\/div>\n\t\t<\/section>\n\t\t\t\t<section class=\"wd-negative-gap elementor-section elementor-top-section elementor-element elementor-element-75a5e8b elementor-section-boxed elementor-section-height-default elementor-section-height-default\" data-id=\"75a5e8b\" data-element_type=\"section\" data-e-type=\"section\">\n\t\t\t\t\t\t<div class=\"elementor-container elementor-column-gap-default\">\n\t\t\t\t\t<div class=\"elementor-column elementor-col-50 elementor-top-column elementor-element elementor-element-d65b7ee animated-slow elementor-invisible\" data-id=\"d65b7ee\" data-element_type=\"column\" data-e-type=\"column\" data-settings=\"{&quot;animation&quot;:&quot;slideInLeft&quot;,&quot;animation_delay&quot;:300}\">\n\t\t\t<div class=\"elementor-widget-wrap elementor-element-populated\">\n\t\t\t\t\t\t<div class=\"elementor-element elementor-element-cd1ee76 elementor-widget elementor-widget-image\" data-id=\"cd1ee76\" data-element_type=\"widget\" data-e-type=\"widget\" data-widget_type=\"image.default\">\n\t\t\t\t<div class=\"elementor-widget-container\">\n\t\t\t\t\t\t\t\t\t\t\t\t\t\t\t<img loading=\"lazy\" decoding=\"async\" width=\"1080\" height=\"1350\" src=\"https:\/\/halawedd.com\/wp-content\/uploads\/2024\/04\/IMG_5929.jpg\" class=\"attachment-full size-full wp-image-5319\" alt=\"HalaWedd - Your Premier Wedding Photographer in Switzerland\" srcset=\"https:\/\/halawedd.com\/wp-content\/uploads\/2024\/04\/IMG_5929.jpg 1080w, https:\/\/halawedd.com\/wp-content\/uploads\/2024\/04\/IMG_5929-240x300.jpg 240w, https:\/\/halawedd.com\/wp-content\/uploads\/2024\/04\/IMG_5929-819x1024.jpg 819w, https:\/\/halawedd.com\/wp-content\/uploads\/2024\/04\/IMG_5929-768x960.jpg 768w\" sizes=\"auto, (max-width: 1080px) 100vw, 1080px\" \/>\t\t\t\t\t\t\t\t\t\t\t\t\t\t\t<\/div>\n\t\t\t\t<\/div>\n\t\t\t\t\t<\/div>\n\t\t<\/div>\n\t\t\t\t<div class=\"elementor-column elementor-col-50 elementor-top-column elementor-element elementor-element-e842677\" data-id=\"e842677\" data-element_type=\"column\" data-e-type=\"column\">\n\t\t\t<div class=\"elementor-widget-wrap elementor-element-populated\">\n\t\t\t\t\t\t<div class=\"elementor-element elementor-element-7af9031 elementor-invisible elementor-widget elementor-widget-heading\" data-id=\"7af9031\" data-element_type=\"widget\" data-e-type=\"widget\" data-settings=\"{&quot;_animation&quot;:&quot;slideInRight&quot;}\" data-widget_type=\"heading.default\">\n\t\t\t\t<div class=\"elementor-widget-container\">\n\t\t\t\t\t<h1 class=\"elementor-heading-title elementor-size-default\">HalaWedd<\/h1>\t\t\t\t<\/div>\n\t\t\t\t<\/div>\n\t\t\t\t<div class=\"elementor-element elementor-element-d24d7d9 color-scheme-inherit text-left elementor-invisible elementor-widget elementor-widget-text-editor\" data-id=\"d24d7d9\" data-element_type=\"widget\" data-e-type=\"widget\" data-settings=\"{&quot;_animation&quot;:&quot;slideInRight&quot;,&quot;_animation_delay&quot;:400}\" data-widget_type=\"text-editor.default\">\n\t\t\t\t<div class=\"elementor-widget-container\">\n\t\t\t\t\t\t\t\t\t<p>Hallo! Ich bin Alex. In den letzten 15 Jahren sind meine Kamera und ich zu unzertrennlichen Begleitern auf einer spannenden Reise geworden, um die Essenz dessen einzufangen, was das Leben sch\u00f6n macht.<\/p><p>F\u00fcr mich ist Fotografie viel mehr als nur das Aufnehmen von Bildern. Es geht darum, Momente der Liebe, Z\u00e4rtlichkeit und Freude festzuhalten, damit wir sie immer wieder erleben und sp\u00fcren k\u00f6nnen. Wenn ich jeden Tag aufwache, wird mir klar, wie gl\u00fccklich ich mich sch\u00e4tzen kann, sagen zu k\u00f6nnen, dass mein Job eigentlich kein Job ist \u2013 es ist eine Leidenschaft, die mich dem lebendigen Universum des Lebens n\u00e4her bringt.<\/p><p>Jede Hochzeit, jedes Shooting ist ein neues Abenteuer, eine Geschichte, die darauf wartet, durch meine Linse erz\u00e4hlt zu werden.<\/p><p>Jetzt bin ich in der atemberaubenden Landschaft der Schweiz ans\u00e4ssig und hatte die unglaubliche Gelegenheit, mit einigen gro\u00dfartigen Menschen, darunter ber\u00fchmten Schauspielern, zusammenzuarbeiten und ihre sch\u00f6nsten Momente festzuhalten.<\/p><p>Meine Kamera hat alles gesehen \u2013 etwa 500 Hochzeiten, um genau zu sein, ganz zu schweigen von unz\u00e4hligen anderen Aufnahmen in der Sonne, im Regen und allem dazwischen. Ich bin auf der Suche nach dem perfekten Foto \u00fcber Kontinente hinweg gewesen, von den Sandstr\u00e4nden des Indischen und Atlantischen Ozeans bis zu den atemberaubenden H\u00f6hen der Schweizer und tibetischen Berge.<\/p><p>Aber genug von mir. Was ist mit Ihnen? Lassen Sie uns das Regelbuch \u00fcber Bord werfen und vergessen, was Fotografie eigentlich \u201esein soll\u201c. Gemeinsam k\u00f6nnen wir wundersch\u00f6ne, bleibende Geschichten erschaffen, die uns noch viele Jahre lang das Herz erw\u00e4rmen werden. Lassen Sie uns Erinnerungen schaffen, die Sie f\u00fcr immer sch\u00e4tzen werden. <\/p>\t\t\t\t\t\t\t\t<\/div>\n\t\t\t\t<\/div>\n\t\t\t\t\t<\/div>\n\t\t<\/div>\n\t\t\t\t\t<\/div>\n\t\t<\/section>\n\t\t\t\t<\/div>","protected":false},"excerpt":{"rendered":"<p>\u00dcber mich HalaWedd Hallo! Ich bin Alex. In den letzten 15 Jahren sind meine Kamera und ich zu unzertrennlichen Begleitern geworden<\/p>","protected":false},"author":1,"featured_media":0,"parent":0,"menu_order":0,"comment_status":"closed","ping_status":"closed","template":"","meta":{"_acf_changed":false,"footnotes":""},"class_list":["post-5310","page","type-page","status-publish","hentry"],"acf":[],"_links":{"self":[{"href":"https:\/\/halawedd.com\/de\/wp-json\/wp\/v2\/pages\/5310","targetHints":{"allow":["GET"]}}],"collection":[{"href":"https:\/\/halawedd.com\/de\/wp-json\/wp\/v2\/pages"}],"about":[{"href":"https:\/\/halawedd.com\/de\/wp-json\/wp\/v2\/types\/page"}],"author":[{"embeddable":true,"href":"https:\/\/halawedd.com\/de\/wp-json\/wp\/v2\/users\/1"}],"replies":[{"embeddable":true,"href":"https:\/\/halawedd.com\/de\/wp-json\/wp\/v2\/comments?post=5310"}],"version-history":[{"count":13,"href":"https:\/\/halawedd.com\/de\/wp-json\/wp\/v2\/pages\/5310\/revisions"}],"predecessor-version":[{"id":5325,"href":"https:\/\/halawedd.com\/de\/wp-json\/wp\/v2\/pages\/5310\/revisions\/5325"}],"wp:attachment":[{"href":"https:\/\/halawedd.com\/de\/wp-json\/wp\/v2\/media?parent=5310"}],"curies":[{"name":"wp","href":"https:\/\/api.w.org\/{rel}","templated":true}]}}